{"id":10367,"date":"2024-05-22T19:16:21","date_gmt":"2024-05-22T17:16:21","guid":{"rendered":"https:\/\/iam-consulting.tn\/?page_id=10367"},"modified":"2024-07-18T15:45:21","modified_gmt":"2024-07-18T13:45:21","slug":"modelisation-3d","status":"publish","type":"page","link":"https:\/\/iam-consulting.tn\/en\/modelisation-3d\/","title":{"rendered":"3D Modeling"},"content":{"rendered":"<div data-elementor-type=\"wp-page\" data-elementor-id=\"10367\" class=\"elementor elementor-10367\">\n\t\t\t\t        <section class=\"elementor-section elementor-top-section elementor-element elementor-element-3ac93c51 ct-row-scroll-fixed ct-column-order elementor-section-boxed elementor-section-height-default elementor-section-height-default ct-header-fixed-none ct-row-gradient--none\" data-id=\"3ac93c51\" data-element_type=\"section\">\n            \n                        <div class=\"elementor-container elementor-column-gap-extended\">\n                    <div class=\"elementor-column elementor-col-33 elementor-top-column elementor-element elementor-element-196a8695 ct-column-sticky col-offset-none col-color-offset-none\" data-id=\"196a8695\" data-element_type=\"column\">\n        <div class=\"elementor-widget-wrap elementor-element-populated\">\n                    \n        \t\t<div class=\"elementor-element elementor-element-41311e6 elementor-widget elementor-widget-ct_info_box\" data-id=\"41311e6\" data-element_type=\"widget\" data-widget_type=\"ct_info_box.default\">\n\t\t\t\t<div class=\"elementor-widget-container\">\n\t\t\t\t\t<div class=\"ct-info-box ct-info-box1 bg-image\" style=\"background-image:url(https:\/\/iam-consulting.tn\/wp-content\/uploads\/2021\/09\/bg-info-box1.jpg);\" data-wow-delay=\"ms\">\r\n\t<div class=\"ct-infobox-inner\">\r\n\t\t<div class=\"item--subtitle el-empty\">Contact us<\/div>\r\n\t\t<div class=\"item--title el-empty\"><\/div>\r\n\t\t<div class=\"item--phone el-empty\">+216 56 25 94 00<\/div>\r\n\t\t<div class=\"item--desc el-empty\"><\/div>\r\n\t\t\t\t\t<a class=\"ct-info-button\" href=\"https:\/\/iam-consulting.tn\/en\/contact\/\">Contact us<i class=\"fas fa-link\"><\/i><\/a>\r\n\t\t\t<\/div>\r\n<\/div>\t\t\t\t<\/div>\n\t\t\t\t<\/div>\n\t\t            <\/div>\n        <\/div>\n                <div class=\"elementor-column elementor-col-66 elementor-top-column elementor-element elementor-element-6cc86de9 ct-column-none col-offset-none col-color-offset-none\" data-id=\"6cc86de9\" data-element_type=\"column\">\n        <div class=\"elementor-widget-wrap elementor-element-populated\">\n                    \n        \t\t<div class=\"elementor-element elementor-element-4f4724b7 elementor-widget elementor-widget-ct_image\" data-id=\"4f4724b7\" data-element_type=\"widget\" data-widget_type=\"ct_image.default\">\n\t\t\t\t<div class=\"elementor-widget-container\">\n\t\t\t\t\t<div class=\"ct-image-single ct-no-effect\" data-width=\"\" data-height=\"\" data-wow-delay=\"ms\">\r\n            <div class=\"ct-image-single--inner\">\r\n                            <img fetchpriority=\"high\" decoding=\"async\" class=\"no-lazyload img-main\" src=\"https:\/\/iam-consulting.tn\/wp-content\/uploads\/2024\/07\/3d-800x570.jpg\" width=\"800\" height=\"570\" alt=\"3d\" title=\"3d\" \/>                    <\/div>\r\n    <\/div>\t\t\t\t<\/div>\n\t\t\t\t<\/div>\n\t\t\t\t<div class=\"elementor-element elementor-element-470aef99 elementor-widget elementor-widget-ct_heading\" data-id=\"470aef99\" data-element_type=\"widget\" data-widget_type=\"ct_heading.default\">\n\t\t\t\t<div class=\"elementor-widget-container\">\n\t\t\t\t\t<div id=\"ct_heading-470aef99\" class=\"ct-heading h-align- item-st-default highlight-style1\">\r\n  <div class=\"ct-heading--inner\"> \r\n    <div class=\"ct-inline-css\"  data-css=\"                                \">\r\n    <\/div>\r\n  \r\n\t    <h3 class=\"item--title st-default\" data-wow-delay=\"ms\">\r\n        <span class=\"ct-text-inner\">3D Modeling<\/span>    <\/h3>\r\n  <\/div>\r\n<\/div>\r\n\t\t\t\t<\/div>\n\t\t\t\t<\/div>\n\t\t\t\t<div class=\"elementor-element elementor-element-305762a elementor-widget elementor-widget-text-editor\" data-id=\"305762a\" data-element_type=\"widget\" data-widget_type=\"text-editor.default\">\n\t\t\t\t<div class=\"elementor-widget-container\">\n\t\t\t\t\t\t\t\t\t<p>IAM Consulting est en mesure de r\u00e9aliser la mod\u00e9lisation 3D de tout type d&#8217;installation technique (Fluides et Electricit\u00e9)en se basant sur les donn\u00e9es d&#8217;entr\u00e9es du client (Plans Autocad, PDF c\u00f4t\u00e9s ou nuage de points).<\/p><p>La mod\u00e9lisation 3D est r\u00e9alis\u00e9e \u00e0 l&#8217;aide du logiciel Revit.<\/p><p>Le r\u00e9sultat de la mod\u00e9lisation 3D est une maquette num\u00e9rique qui est peut \u00eatre livr\u00e9e au client sous format Revit et sous d&#8217;autres format tel que l&#8217;IFC qui est exploitable par visonneurs IFC.<\/p>\t\t\t\t\t\t\t\t<\/div>\n\t\t\t\t<\/div>\n\t\t            <\/div>\n        <\/div>\n                    <\/div>\n        <\/section>\n        \t\t<\/div>","protected":false},"excerpt":{"rendered":"<p>Contactez-nous +216 56 25 94 00 Contactez nous Mod\u00e9lisation 3D IAM Consulting est en mesure de r\u00e9aliser la mod\u00e9lisation 3D de tout type d&#8217;installation technique (Fluides et Electricit\u00e9)en se basant sur les donn\u00e9es d&#8217;entr\u00e9es du client (Plans Autocad, PDF c\u00f4t\u00e9s ou nuage de points). La mod\u00e9lisation 3D est r\u00e9alis\u00e9e \u00e0 l&#8217;aide du logiciel Revit. Le [&hellip;]<\/p>","protected":false},"author":1,"featured_media":0,"parent":0,"menu_order":0,"comment_status":"closed","ping_status":"closed","template":"","meta":{"footnotes":"","_links_to":"","_links_to_target":""},"class_list":["post-10367","page","type-page","status-publish","hentry"],"_links":{"self":[{"href":"https:\/\/iam-consulting.tn\/en\/wp-json\/wp\/v2\/pages\/10367","targetHints":{"allow":["GET"]}}],"collection":[{"href":"https:\/\/iam-consulting.tn\/en\/wp-json\/wp\/v2\/pages"}],"about":[{"href":"https:\/\/iam-consulting.tn\/en\/wp-json\/wp\/v2\/types\/page"}],"author":[{"embeddable":true,"href":"https:\/\/iam-consulting.tn\/en\/wp-json\/wp\/v2\/users\/1"}],"replies":[{"embeddable":true,"href":"https:\/\/iam-consulting.tn\/en\/wp-json\/wp\/v2\/comments?post=10367"}],"version-history":[{"count":16,"href":"https:\/\/iam-consulting.tn\/en\/wp-json\/wp\/v2\/pages\/10367\/revisions"}],"predecessor-version":[{"id":11123,"href":"https:\/\/iam-consulting.tn\/en\/wp-json\/wp\/v2\/pages\/10367\/revisions\/11123"}],"wp:attachment":[{"href":"https:\/\/iam-consulting.tn\/en\/wp-json\/wp\/v2\/media?parent=10367"}],"curies":[{"name":"wp","href":"https:\/\/api.w.org\/{rel}","templated":true}]}}