{"id":10412,"date":"2024-05-22T19:36:28","date_gmt":"2024-05-22T17:36:28","guid":{"rendered":"https:\/\/iam-consulting.tn\/?page_id=10412"},"modified":"2024-07-18T15:39:17","modified_gmt":"2024-07-18T13:39:17","slug":"detection-incendie","status":"publish","type":"page","link":"https:\/\/iam-consulting.tn\/en\/detection-incendie\/","title":{"rendered":"Fire Detection"},"content":{"rendered":"<div data-elementor-type=\"wp-page\" data-elementor-id=\"10412\" class=\"elementor elementor-10412\">\n\t\t\t\t        <section class=\"elementor-section elementor-top-section elementor-element elementor-element-77e62b05 ct-row-scroll-fixed ct-column-order elementor-section-boxed elementor-section-height-default elementor-section-height-default ct-header-fixed-none ct-row-gradient--none\" data-id=\"77e62b05\" data-element_type=\"section\">\n            \n                        <div class=\"elementor-container elementor-column-gap-extended\">\n                    <div class=\"elementor-column elementor-col-33 elementor-top-column elementor-element elementor-element-24cd780c ct-column-sticky col-offset-none col-color-offset-none\" data-id=\"24cd780c\" data-element_type=\"column\">\n        <div class=\"elementor-widget-wrap elementor-element-populated\">\n                    \n        \t\t<div class=\"elementor-element elementor-element-0af5bb9 elementor-widget elementor-widget-ct_info_box\" data-id=\"0af5bb9\" data-element_type=\"widget\" data-widget_type=\"ct_info_box.default\">\n\t\t\t\t<div class=\"elementor-widget-container\">\n\t\t\t\t\t<div class=\"ct-info-box ct-info-box1 bg-image\" style=\"background-image:url(https:\/\/iam-consulting.tn\/wp-content\/uploads\/2021\/09\/bg-info-box1.jpg);\" data-wow-delay=\"ms\">\r\n\t<div class=\"ct-infobox-inner\">\r\n\t\t<div class=\"item--subtitle el-empty\">Contact us<\/div>\r\n\t\t<div class=\"item--title el-empty\"><\/div>\r\n\t\t<div class=\"item--phone el-empty\">+216 56 25 94 00<\/div>\r\n\t\t<div class=\"item--desc el-empty\"><\/div>\r\n\t\t\t\t\t<a class=\"ct-info-button\" href=\"https:\/\/iam-consulting.tn\/en\/contact\/\">Contact us<i class=\"fas fa-link\"><\/i><\/a>\r\n\t\t\t<\/div>\r\n<\/div>\t\t\t\t<\/div>\n\t\t\t\t<\/div>\n\t\t            <\/div>\n        <\/div>\n                <div class=\"elementor-column elementor-col-66 elementor-top-column elementor-element elementor-element-265cb53a ct-column-none col-offset-none col-color-offset-none\" data-id=\"265cb53a\" data-element_type=\"column\">\n        <div class=\"elementor-widget-wrap elementor-element-populated\">\n                    \n        \t\t<div class=\"elementor-element elementor-element-1d3202 elementor-widget elementor-widget-ct_image\" data-id=\"1d3202\" data-element_type=\"widget\" data-widget_type=\"ct_image.default\">\n\t\t\t\t<div class=\"elementor-widget-container\">\n\t\t\t\t\t<div class=\"ct-image-single ct-no-effect\" data-width=\"\" data-height=\"\" data-wow-delay=\"ms\">\r\n            <div class=\"ct-image-single--inner\">\r\n                            <img fetchpriority=\"high\" decoding=\"async\" class=\"no-lazyload img-main\" src=\"https:\/\/iam-consulting.tn\/wp-content\/uploads\/2024\/07\/Plan-dimplantation-800x570.jpg\" width=\"800\" height=\"570\" alt=\"Plan-d&#039;implantation\" title=\"Plan-d&#039;implantation\" \/>                    <\/div>\r\n    <\/div>\t\t\t\t<\/div>\n\t\t\t\t<\/div>\n\t\t\t\t<div class=\"elementor-element elementor-element-6b1edf9b elementor-widget elementor-widget-ct_heading\" data-id=\"6b1edf9b\" data-element_type=\"widget\" data-widget_type=\"ct_heading.default\">\n\t\t\t\t<div class=\"elementor-widget-container\">\n\t\t\t\t\t<div id=\"ct_heading-6b1edf9b\" class=\"ct-heading h-align- item-st-default highlight-style1\">\r\n  <div class=\"ct-heading--inner\"> \r\n    <div class=\"ct-inline-css\"  data-css=\"                                \">\r\n    <\/div>\r\n  \r\n\t    <h3 class=\"item--title st-default\" data-wow-delay=\"ms\">\r\n        <span class=\"ct-text-inner\">Fire Detection<\/span>    <\/h3>\r\n  <\/div>\r\n<\/div>\r\n\t\t\t\t<\/div>\n\t\t\t\t<\/div>\n\t\t\t\t<div class=\"elementor-element elementor-element-740e5f10 elementor-icon-list--layout-traditional elementor-list-item-link-full_width elementor-widget elementor-widget-icon-list\" data-id=\"740e5f10\" data-element_type=\"widget\" data-widget_type=\"icon-list.default\">\n\t\t\t\t<div class=\"elementor-widget-container\">\n\t\t\t\t\t\t\t<ul class=\"elementor-icon-list-items\">\n\t\t\t\t\t\t\t<li class=\"elementor-icon-list-item\">\n\t\t\t\t\t\t\t\t\t\t\t<span class=\"elementor-icon-list-icon\">\n\t\t\t\t\t\t\t<i aria-hidden=\"true\" class=\"fas fa-chevron-circle-right\"><\/i>\t\t\t\t\t\t<\/span>\n\t\t\t\t\t\t\t\t\t\t<span class=\"elementor-icon-list-text\">Layout plan and wiring of fire detection and alarm equipment + zoning<\/span>\n\t\t\t\t\t\t\t\t\t<\/li>\n\t\t\t\t\t\t\t\t<li class=\"elementor-icon-list-item\">\n\t\t\t\t\t\t\t\t\t\t\t<span class=\"elementor-icon-list-icon\">\n\t\t\t\t\t\t\t<i aria-hidden=\"true\" class=\"fas fa-chevron-circle-right\"><\/i>\t\t\t\t\t\t<\/span>\n\t\t\t\t\t\t\t\t\t\t<span class=\"elementor-icon-list-text\">Layout plan and wiring of equipment interlocking with fire detection <\/span>\n\t\t\t\t\t\t\t\t\t<\/li>\n\t\t\t\t\t\t\t\t<li class=\"elementor-icon-list-item\">\n\t\t\t\t\t\t\t\t\t\t\t<span class=\"elementor-icon-list-icon\">\n\t\t\t\t\t\t\t<i aria-hidden=\"true\" class=\"fas fa-chevron-circle-right\"><\/i>\t\t\t\t\t\t<\/span>\n\t\t\t\t\t\t\t\t\t\t<span class=\"elementor-icon-list-text\">Overview<\/span>\n\t\t\t\t\t\t\t\t\t<\/li>\n\t\t\t\t\t\t<\/ul>\n\t\t\t\t\t\t<\/div>\n\t\t\t\t<\/div>\n\t\t            <\/div>\n        <\/div>\n                    <\/div>\n        <\/section>\n        \t\t<\/div>","protected":false},"excerpt":{"rendered":"<p>Contactez-nous +216 56 25 94 00 Contactez nous D\u00e9tection Incendie Plan d&#8217;implantation et c\u00e2blage des \u00e9quipements de d\u00e9tection et alarme incendie +zonning Plan d&#8217;implantation et c\u00e2blage des asservissement \u00e0 la d\u00e9tection d&#8217;incendie Synoptique<\/p>","protected":false},"author":1,"featured_media":0,"parent":0,"menu_order":0,"comment_status":"closed","ping_status":"closed","template":"","meta":{"footnotes":"","_links_to":"","_links_to_target":""},"class_list":["post-10412","page","type-page","status-publish","hentry"],"_links":{"self":[{"href":"https:\/\/iam-consulting.tn\/en\/wp-json\/wp\/v2\/pages\/10412","targetHints":{"allow":["GET"]}}],"collection":[{"href":"https:\/\/iam-consulting.tn\/en\/wp-json\/wp\/v2\/pages"}],"about":[{"href":"https:\/\/iam-consulting.tn\/en\/wp-json\/wp\/v2\/types\/page"}],"author":[{"embeddable":true,"href":"https:\/\/iam-consulting.tn\/en\/wp-json\/wp\/v2\/users\/1"}],"replies":[{"embeddable":true,"href":"https:\/\/iam-consulting.tn\/en\/wp-json\/wp\/v2\/comments?post=10412"}],"version-history":[{"count":16,"href":"https:\/\/iam-consulting.tn\/en\/wp-json\/wp\/v2\/pages\/10412\/revisions"}],"predecessor-version":[{"id":11116,"href":"https:\/\/iam-consulting.tn\/en\/wp-json\/wp\/v2\/pages\/10412\/revisions\/11116"}],"wp:attachment":[{"href":"https:\/\/iam-consulting.tn\/en\/wp-json\/wp\/v2\/media?parent=10412"}],"curies":[{"name":"wp","href":"https:\/\/api.w.org\/{rel}","templated":true}]}}