{"id":10445,"date":"2024-05-22T19:40:34","date_gmt":"2024-05-22T17:40:34","guid":{"rendered":"https:\/\/iam-consulting.tn\/?page_id=10445"},"modified":"2024-07-18T15:13:31","modified_gmt":"2024-07-18T13:13:31","slug":"installation-dechauffage","status":"publish","type":"page","link":"https:\/\/iam-consulting.tn\/en\/installation-dechauffage\/","title":{"rendered":"Heating Installation"},"content":{"rendered":"<div data-elementor-type=\"wp-page\" data-elementor-id=\"10445\" class=\"elementor elementor-10445\">\n\t\t\t\t        <section class=\"elementor-section elementor-top-section elementor-element elementor-element-6c904369 ct-row-scroll-fixed ct-column-order elementor-section-boxed elementor-section-height-default elementor-section-height-default ct-header-fixed-none ct-row-gradient--none\" data-id=\"6c904369\" data-element_type=\"section\">\n            \n                        <div class=\"elementor-container elementor-column-gap-extended\">\n                    <div class=\"elementor-column elementor-col-33 elementor-top-column elementor-element elementor-element-32695788 ct-column-sticky col-offset-none col-color-offset-none\" data-id=\"32695788\" data-element_type=\"column\">\n        <div class=\"elementor-widget-wrap elementor-element-populated\">\n                    \n        \t\t<div class=\"elementor-element elementor-element-74b52c7 elementor-widget elementor-widget-ct_info_box\" data-id=\"74b52c7\" data-element_type=\"widget\" data-widget_type=\"ct_info_box.default\">\n\t\t\t\t<div class=\"elementor-widget-container\">\n\t\t\t\t\t<div class=\"ct-info-box ct-info-box1 bg-image\" style=\"background-image:url(https:\/\/iam-consulting.tn\/wp-content\/uploads\/2021\/09\/bg-info-box1.jpg);\" data-wow-delay=\"ms\">\r\n\t<div class=\"ct-infobox-inner\">\r\n\t\t<div class=\"item--subtitle el-empty\">Contact us<\/div>\r\n\t\t<div class=\"item--title el-empty\"><\/div>\r\n\t\t<div class=\"item--phone el-empty\">+216 56 25 94 00<\/div>\r\n\t\t<div class=\"item--desc el-empty\"><\/div>\r\n\t\t\t\t\t<a class=\"ct-info-button\" href=\"https:\/\/iam-consulting.tn\/en\/contact\/\">Contact us<i class=\"fas fa-link\"><\/i><\/a>\r\n\t\t\t<\/div>\r\n<\/div>\t\t\t\t<\/div>\n\t\t\t\t<\/div>\n\t\t            <\/div>\n        <\/div>\n                <div class=\"elementor-column elementor-col-66 elementor-top-column elementor-element elementor-element-2e812f24 ct-column-none col-offset-none col-color-offset-none\" data-id=\"2e812f24\" data-element_type=\"column\">\n        <div class=\"elementor-widget-wrap elementor-element-populated\">\n                    \n        \t\t<div class=\"elementor-element elementor-element-260c8b6 elementor-widget elementor-widget-ct_image\" data-id=\"260c8b6\" data-element_type=\"widget\" data-widget_type=\"ct_image.default\">\n\t\t\t\t<div class=\"elementor-widget-container\">\n\t\t\t\t\t<div class=\"ct-image-single ct-no-effect\" data-width=\"\" data-height=\"\" data-wow-delay=\"ms\">\r\n            <div class=\"ct-image-single--inner\">\r\n                            <img fetchpriority=\"high\" decoding=\"async\" class=\"no-lazyload img-main\" src=\"https:\/\/iam-consulting.tn\/wp-content\/uploads\/2021\/09\/5-1-800x700.jpg\" width=\"800\" height=\"700\" alt=\"5\" title=\"5\" \/>                    <\/div>\r\n    <\/div>\t\t\t\t<\/div>\n\t\t\t\t<\/div>\n\t\t\t\t<div class=\"elementor-element elementor-element-62a3622e elementor-widget elementor-widget-ct_heading\" data-id=\"62a3622e\" data-element_type=\"widget\" data-widget_type=\"ct_heading.default\">\n\t\t\t\t<div class=\"elementor-widget-container\">\n\t\t\t\t\t<div id=\"ct_heading-62a3622e\" class=\"ct-heading h-align- item-st-default highlight-style1\">\r\n  <div class=\"ct-heading--inner\"> \r\n    <div class=\"ct-inline-css\"  data-css=\"                                \">\r\n    <\/div>\r\n  \r\n\t    <h3 class=\"item--title st-default\" data-wow-delay=\"ms\">\r\n        <span class=\"ct-text-inner\">Heating Installation\n<\/span>    <\/h3>\r\n  <\/div>\r\n<\/div>\r\n\t\t\t\t<\/div>\n\t\t\t\t<\/div>\n\t\t\t\t<div class=\"elementor-element elementor-element-44ddcfb4 elementor-icon-list--layout-traditional elementor-list-item-link-full_width elementor-widget elementor-widget-icon-list\" data-id=\"44ddcfb4\" data-element_type=\"widget\" data-widget_type=\"icon-list.default\">\n\t\t\t\t<div class=\"elementor-widget-container\">\n\t\t\t\t\t\t\t<ul class=\"elementor-icon-list-items\">\n\t\t\t\t\t\t\t<li class=\"elementor-icon-list-item\">\n\t\t\t\t\t\t\t\t\t\t\t<span class=\"elementor-icon-list-icon\">\n\t\t\t\t\t\t\t<i aria-hidden=\"true\" class=\"fas fa-chevron-circle-right\"><\/i>\t\t\t\t\t\t<\/span>\n\t\t\t\t\t\t\t\t\t\t<span class=\"elementor-icon-list-text\">Feasibility Study<\/span>\n\t\t\t\t\t\t\t\t\t<\/li>\n\t\t\t\t\t\t\t\t<li class=\"elementor-icon-list-item\">\n\t\t\t\t\t\t\t\t\t\t\t<span class=\"elementor-icon-list-icon\">\n\t\t\t\t\t\t\t<i aria-hidden=\"true\" class=\"fas fa-chevron-circle-right\"><\/i>\t\t\t\t\t\t<\/span>\n\t\t\t\t\t\t\t\t\t\t<span class=\"elementor-icon-list-text\">Modeling and sizing of the heating network<\/span>\n\t\t\t\t\t\t\t\t\t<\/li>\n\t\t\t\t\t\t\t\t<li class=\"elementor-icon-list-item\">\n\t\t\t\t\t\t\t\t\t\t\t<span class=\"elementor-icon-list-icon\">\n\t\t\t\t\t\t\t<i aria-hidden=\"true\" class=\"fas fa-chevron-circle-right\"><\/i>\t\t\t\t\t\t<\/span>\n\t\t\t\t\t\t\t\t\t\t<span class=\"elementor-icon-list-text\">Layout of appliances (heat pump, boiler...) <\/span>\n\t\t\t\t\t\t\t\t\t<\/li>\n\t\t\t\t\t\t<\/ul>\n\t\t\t\t\t\t<\/div>\n\t\t\t\t<\/div>\n\t\t            <\/div>\n        <\/div>\n                    <\/div>\n        <\/section>\n        \t\t<\/div>","protected":false},"excerpt":{"rendered":"<p>Contactez-nous +216 56 25 94 00 Contactez nous Installation de chauffage \u00c9tude de faisabilit\u00e9 Mod\u00e9lisation et dimensionnement du r\u00e9seau chauffage Implantation des appareils (pompe \u00e0 chaleur, chaudi\u00e8re\u2026)<\/p>","protected":false},"author":1,"featured_media":0,"parent":0,"menu_order":0,"comment_status":"closed","ping_status":"closed","template":"","meta":{"footnotes":"","_links_to":"","_links_to_target":""},"class_list":["post-10445","page","type-page","status-publish","hentry"],"_links":{"self":[{"href":"https:\/\/iam-consulting.tn\/en\/wp-json\/wp\/v2\/pages\/10445","targetHints":{"allow":["GET"]}}],"collection":[{"href":"https:\/\/iam-consulting.tn\/en\/wp-json\/wp\/v2\/pages"}],"about":[{"href":"https:\/\/iam-consulting.tn\/en\/wp-json\/wp\/v2\/types\/page"}],"author":[{"embeddable":true,"href":"https:\/\/iam-consulting.tn\/en\/wp-json\/wp\/v2\/users\/1"}],"replies":[{"embeddable":true,"href":"https:\/\/iam-consulting.tn\/en\/wp-json\/wp\/v2\/comments?post=10445"}],"version-history":[{"count":14,"href":"https:\/\/iam-consulting.tn\/en\/wp-json\/wp\/v2\/pages\/10445\/revisions"}],"predecessor-version":[{"id":11084,"href":"https:\/\/iam-consulting.tn\/en\/wp-json\/wp\/v2\/pages\/10445\/revisions\/11084"}],"wp:attachment":[{"href":"https:\/\/iam-consulting.tn\/en\/wp-json\/wp\/v2\/media?parent=10445"}],"curies":[{"name":"wp","href":"https:\/\/api.w.org\/{rel}","templated":true}]}}