{"id":10687,"date":"2024-06-10T16:29:21","date_gmt":"2024-06-10T14:29:21","guid":{"rendered":"https:\/\/iam-consulting.tn\/?page_id=10687"},"modified":"2024-07-17T17:53:58","modified_gmt":"2024-07-17T15:53:58","slug":"prises-de-courants","status":"publish","type":"page","link":"https:\/\/iam-consulting.tn\/en\/prises-de-courants\/","title":{"rendered":"Power Outlets"},"content":{"rendered":"<div data-elementor-type=\"wp-page\" data-elementor-id=\"10687\" class=\"elementor elementor-10687\">\n\t\t\t\t        <section class=\"elementor-section elementor-top-section elementor-element elementor-element-4afda6e5 ct-row-scroll-fixed ct-column-order elementor-section-boxed elementor-section-height-default elementor-section-height-default ct-header-fixed-none ct-row-gradient--none\" data-id=\"4afda6e5\" data-element_type=\"section\">\n            \n                        <div class=\"elementor-container elementor-column-gap-extended\">\n                    <div class=\"elementor-column elementor-col-33 elementor-top-column elementor-element elementor-element-7747b03c ct-column-sticky col-offset-none col-color-offset-none\" data-id=\"7747b03c\" data-element_type=\"column\">\n        <div class=\"elementor-widget-wrap elementor-element-populated\">\n                    \n        \t\t<div class=\"elementor-element elementor-element-f3940f3 elementor-widget elementor-widget-ct_info_box\" data-id=\"f3940f3\" data-element_type=\"widget\" data-widget_type=\"ct_info_box.default\">\n\t\t\t\t<div class=\"elementor-widget-container\">\n\t\t\t\t\t<div class=\"ct-info-box ct-info-box1 bg-image\" style=\"background-image:url(https:\/\/iam-consulting.tn\/wp-content\/uploads\/2021\/09\/bg-info-box1.jpg);\" data-wow-delay=\"ms\">\r\n\t<div class=\"ct-infobox-inner\">\r\n\t\t<div class=\"item--subtitle el-empty\">Contact us<\/div>\r\n\t\t<div class=\"item--title el-empty\"><\/div>\r\n\t\t<div class=\"item--phone el-empty\">+216 56 25 94 00<\/div>\r\n\t\t<div class=\"item--desc el-empty\"><\/div>\r\n\t\t\t\t\t<a class=\"ct-info-button\" href=\"https:\/\/iam-consulting.tn\/en\/contact\/\">Contact us<i class=\"fas fa-link\"><\/i><\/a>\r\n\t\t\t<\/div>\r\n<\/div>\t\t\t\t<\/div>\n\t\t\t\t<\/div>\n\t\t            <\/div>\n        <\/div>\n                <div class=\"elementor-column elementor-col-66 elementor-top-column elementor-element elementor-element-55e0ac4 ct-column-none col-offset-none col-color-offset-none\" data-id=\"55e0ac4\" data-element_type=\"column\">\n        <div class=\"elementor-widget-wrap elementor-element-populated\">\n                    \n        \t\t<div class=\"elementor-element elementor-element-2d361858 elementor-widget elementor-widget-ct_image\" data-id=\"2d361858\" data-element_type=\"widget\" data-widget_type=\"ct_image.default\">\n\t\t\t\t<div class=\"elementor-widget-container\">\n\t\t\t\t\t<div class=\"ct-image-single ct-no-effect\" data-width=\"\" data-height=\"\" data-wow-delay=\"ms\">\r\n            <div class=\"ct-image-single--inner\">\r\n                            <img fetchpriority=\"high\" decoding=\"async\" class=\"no-lazyload img-main\" src=\"https:\/\/iam-consulting.tn\/wp-content\/uploads\/2021\/09\/2.jpg\" width=\"800\" height=\"570\" alt=\"2\" title=\"2\" \/>                    <\/div>\r\n    <\/div>\t\t\t\t<\/div>\n\t\t\t\t<\/div>\n\t\t\t\t<div class=\"elementor-element elementor-element-14ff6791 elementor-widget elementor-widget-ct_heading\" data-id=\"14ff6791\" data-element_type=\"widget\" data-widget_type=\"ct_heading.default\">\n\t\t\t\t<div class=\"elementor-widget-container\">\n\t\t\t\t\t<div id=\"ct_heading-14ff6791\" class=\"ct-heading h-align- item-st-default highlight-style1\">\r\n  <div class=\"ct-heading--inner\"> \r\n    <div class=\"ct-inline-css\"  data-css=\"                                \">\r\n    <\/div>\r\n  \r\n\t    <h3 class=\"item--title st-default\" data-wow-delay=\"ms\">\r\n        <span class=\"ct-text-inner\">Power Outlets <\/span>    <\/h3>\r\n  <\/div>\r\n<\/div>\r\n\t\t\t\t<\/div>\n\t\t\t\t<\/div>\n\t\t\t\t<div class=\"elementor-element elementor-element-7e491539 elementor-icon-list--layout-traditional elementor-list-item-link-full_width elementor-widget elementor-widget-icon-list\" data-id=\"7e491539\" data-element_type=\"widget\" data-widget_type=\"icon-list.default\">\n\t\t\t\t<div class=\"elementor-widget-container\">\n\t\t\t\t\t\t\t<ul class=\"elementor-icon-list-items\">\n\t\t\t\t\t\t\t<li class=\"elementor-icon-list-item\">\n\t\t\t\t\t\t\t\t\t\t\t<span class=\"elementor-icon-list-icon\">\n\t\t\t\t\t\t\t<i aria-hidden=\"true\" class=\"fas fa-chevron-circle-right\"><\/i>\t\t\t\t\t\t<\/span>\n\t\t\t\t\t\t\t\t\t\t<span class=\"elementor-icon-list-text\">Layout Plan<\/span>\n\t\t\t\t\t\t\t\t\t<\/li>\n\t\t\t\t\t\t\t\t<li class=\"elementor-icon-list-item\">\n\t\t\t\t\t\t\t\t\t\t\t<span class=\"elementor-icon-list-icon\">\n\t\t\t\t\t\t\t<i aria-hidden=\"true\" class=\"fas fa-chevron-circle-right\"><\/i>\t\t\t\t\t\t<\/span>\n\t\t\t\t\t\t\t\t\t\t<span class=\"elementor-icon-list-text\">Elevation Plans<\/span>\n\t\t\t\t\t\t\t\t\t<\/li>\n\t\t\t\t\t\t\t\t<li class=\"elementor-icon-list-item\">\n\t\t\t\t\t\t\t\t\t\t\t<span class=\"elementor-icon-list-icon\">\n\t\t\t\t\t\t\t<i aria-hidden=\"true\" class=\"fas fa-chevron-circle-right\"><\/i>\t\t\t\t\t\t<\/span>\n\t\t\t\t\t\t\t\t\t\t<span class=\"elementor-icon-list-text\">Wiring Plans<\/span>\n\t\t\t\t\t\t\t\t\t<\/li>\n\t\t\t\t\t\t\t\t<li class=\"elementor-icon-list-item\">\n\t\t\t\t\t\t\t\t\t\t\t<span class=\"elementor-icon-list-icon\">\n\t\t\t\t\t\t\t<i aria-hidden=\"true\" class=\"fas fa-chevron-circle-right\"><\/i>\t\t\t\t\t\t<\/span>\n\t\t\t\t\t\t\t\t\t\t<span class=\"elementor-icon-list-text\">Single Line Diagrams<\/span>\n\t\t\t\t\t\t\t\t\t<\/li>\n\t\t\t\t\t\t<\/ul>\n\t\t\t\t\t\t<\/div>\n\t\t\t\t<\/div>\n\t\t            <\/div>\n        <\/div>\n                    <\/div>\n        <\/section>\n        \t\t<\/div>","protected":false},"excerpt":{"rendered":"<p>Contactez-nous +216 56 25 94 00 Contactez nous Prises de courants Plan d\u2019implantation Plans d&#8217;\u00e9l\u00e9vation Plans de c\u00e2blage Sch\u00e9mas unifilaires<\/p>","protected":false},"author":1,"featured_media":0,"parent":0,"menu_order":0,"comment_status":"closed","ping_status":"closed","template":"","meta":{"footnotes":"","_links_to":"","_links_to_target":""},"class_list":["post-10687","page","type-page","status-publish","hentry"],"_links":{"self":[{"href":"https:\/\/iam-consulting.tn\/en\/wp-json\/wp\/v2\/pages\/10687","targetHints":{"allow":["GET"]}}],"collection":[{"href":"https:\/\/iam-consulting.tn\/en\/wp-json\/wp\/v2\/pages"}],"about":[{"href":"https:\/\/iam-consulting.tn\/en\/wp-json\/wp\/v2\/types\/page"}],"author":[{"embeddable":true,"href":"https:\/\/iam-consulting.tn\/en\/wp-json\/wp\/v2\/users\/1"}],"replies":[{"embeddable":true,"href":"https:\/\/iam-consulting.tn\/en\/wp-json\/wp\/v2\/comments?post=10687"}],"version-history":[{"count":10,"href":"https:\/\/iam-consulting.tn\/en\/wp-json\/wp\/v2\/pages\/10687\/revisions"}],"predecessor-version":[{"id":10928,"href":"https:\/\/iam-consulting.tn\/en\/wp-json\/wp\/v2\/pages\/10687\/revisions\/10928"}],"wp:attachment":[{"href":"https:\/\/iam-consulting.tn\/en\/wp-json\/wp\/v2\/media?parent=10687"}],"curies":[{"name":"wp","href":"https:\/\/api.w.org\/{rel}","templated":true}]}}